{"id":4228,"date":"2025-11-11T11:35:29","date_gmt":"2025-11-11T11:35:29","guid":{"rendered":"https:\/\/www.pedrojosepradillo.com\/?page_id=4228"},"modified":"2025-11-11T11:35:29","modified_gmt":"2025-11-11T11:35:29","slug":"por-que-no-te-callas","status":"publish","type":"page","link":"http:\/\/www.pedrojosepradillo.com\/en\/por-que-no-te-callas\/","title":{"rendered":"\u00bfPor qu\u00e9 no te callas?"},"content":{"rendered":"<div class=\"vc_row wpb_row vc_row-fluid oi_inner_without_paddings\"><div class=\"wpb_column vc_column_container vc_col-sm-12\"><div class=\"wpb_wrapper\"><h1 style=\"text-align: left;font-family:Arimo;font-weight:400;font-style:normal\" class=\"vc_custom_heading\">\u00bfPor qu\u00e9 no te callas?<\/h1><\/div><\/div><\/div><div class=\"vc_row wpb_row vc_row-fluid oi_inner_without_paddings\"><div class=\"wpb_column vc_column_container vc_col-sm-6 vc_custom_1450713052770\"><div class=\"wpb_wrapper\">\n\t<div class=\"wpb_text_column wpb_content_element \">\n\t\t<div class=\"wpb_wrapper\">\n\t\t\t<p>\nA mediados del siglo XVII Diego de Saavedra Fajardo publicaba en Mil\u00e1n una gran obra a modo de espejo y como gu\u00eda moralizante para gobernantes, Empresas pol\u00edticas, o Idea de un pr\u00edncipe pol\u00edtico christiano: representada en cien empresas, en cuya introducci\u00f3n advert\u00eda: \u201cGran maestro del pr\u00edncipe es el tiempo. Hospitales son los siglos pasados, donde la pol\u00edtica hace anatom\u00eda de los cad\u00e1veres de las rep\u00fablicas y monarqu\u00edas que florecieron, para curar mejor las presentes\u2026\u201d. As\u00ed, aunque sin tan elevada pretensi\u00f3n, y m\u00e1s bien como cr\u00f3nica ilustrada de un comienzo de siglo, que asimismo es ep\u00edlogo de una Espa\u00f1a pasada, se puede entender el conjunto de obras aqu\u00ed presentado bajo el ep\u00edgrafe: \u00bfPor qu\u00e9 no te callas?<\/p>\n<p>Esta famosa apelaci\u00f3n fue el dardo que lanz\u00f3 el rey Juan Carlos al presidente colombiano Hugo Ch\u00e1vez en la XVII Cumbre Iberoamericana celebrada en Santiago de Chile en noviembre de 2007, siendo \u00e9l el que m\u00e1s ten\u00eda y tiene que callar. Tal y como se ir\u00eda desvelando tras su comparecencia en abril de 2012, cuando se disculp\u00f3 ante todos los espa\u00f1oles una vez lograda el alta hospitalaria por las secuelas que le hab\u00edan ocasionado un accidente en Boutsuana mientras cazaba elefantes: \u201cLo siento mucho. Me he equivocado y no volver\u00e1 a ocurrir\u201d.<\/p>\n\n\t\t<\/div>\n\t<\/div>\n<\/div><\/div>\n<div class=\"wpb_column vc_column_container vc_col-sm-6\"><div class=\"wpb_wrapper\">\n\t<div class=\"wpb_text_column wpb_content_element \">\n\t\t<div class=\"wpb_wrapper\">\n\t\t\t<p>\n\u00bfPor qu\u00e9 no te callas? es otro proyecto creativo que se imbrica en una larga tradici\u00f3n de cr\u00edtica feroz hacia las \u00e9lites del poder y hacia los malos gobernantes. Recordar, por ejemplo, los Caprichos de Francisco de Goya (1799); los Borbones en pelota, aquella colecci\u00f3n sat\u00edrica elaborada por Gustavo Adolfo y Valeriano B\u00e9cquer tras la Revoluci\u00f3n de 1868 que ten\u00eda por principal protagonista a la reina Isabel II; o las series que realiz\u00f3 el Equipo Cr\u00f3nica en la d\u00e9cada de los setenta.<\/p>\n<p>He aqu\u00ed el resultado de un trabajo que se desarroll\u00f3 entre el verano de 2020 y la primavera de 2022, en el que recurr\u00ed una vez m\u00e1s al ensamblaje, bien en el formato de caja-escaparate de peque\u00f1as dimensiones, bien en el de collages bidimensionales. Empleando, seg\u00fan los casos, objetos, figuritas, recortes de prensa y fotograf\u00edas originales para componer unas obras en las que prima la iron\u00eda y el sentido del humor; todo, bajo la envoltura c\u00e1ustica que se merece el personaje.<\/p>\n\n\t\t<\/div>\n\t<\/div>\n<\/div><\/div><\/div>\n","protected":false},"excerpt":{"rendered":"\u00bfPor qu\u00e9 no te callas? A mediados del siglo XVII Diego de Saavedra Fajardo publicaba en Mil\u00e1n una gran obra a modo de espejo y como gu\u00eda moralizante para gobernantes, Empresas pol\u00edticas, o Idea de un pr\u00edncipe pol\u00edtico christiano: representada en cien empresas, en cuya introducci\u00f3n advert\u00eda: \u201cGran maestro del pr\u00edncipe es el tiempo. Hospitales [...]","protected":false},"author":1,"featured_media":0,"parent":0,"menu_order":0,"comment_status":"closed","ping_status":"closed","template":"portfolio.php","meta":[],"_links":{"self":[{"href":"http:\/\/www.pedrojosepradillo.com\/en\/wp-json\/wp\/v2\/pages\/4228"}],"collection":[{"href":"http:\/\/www.pedrojosepradillo.com\/en\/wp-json\/wp\/v2\/pages"}],"about":[{"href":"http:\/\/www.pedrojosepradillo.com\/en\/wp-json\/wp\/v2\/types\/page"}],"author":[{"embeddable":true,"href":"http:\/\/www.pedrojosepradillo.com\/en\/wp-json\/wp\/v2\/users\/1"}],"replies":[{"embeddable":true,"href":"http:\/\/www.pedrojosepradillo.com\/en\/wp-json\/wp\/v2\/comments?post=4228"}],"version-history":[{"count":1,"href":"http:\/\/www.pedrojosepradillo.com\/en\/wp-json\/wp\/v2\/pages\/4228\/revisions"}],"predecessor-version":[{"id":4242,"href":"http:\/\/www.pedrojosepradillo.com\/en\/wp-json\/wp\/v2\/pages\/4228\/revisions\/4242"}],"wp:attachment":[{"href":"http:\/\/www.pedrojosepradillo.com\/en\/wp-json\/wp\/v2\/media?parent=4228"}],"curies":[{"name":"wp","href":"https:\/\/api.w.org\/{rel}","templated":true}]}}