{"id":4093,"date":"2025-01-22T12:21:04","date_gmt":"2025-01-22T12:21:04","guid":{"rendered":"https:\/\/www.pedrojosepradillo.com\/en\/por-que-no-te-callas\/"},"modified":"2025-11-11T11:35:10","modified_gmt":"2025-11-11T11:35:10","slug":"regreso-a-un-mundo-feliz","status":"publish","type":"page","link":"http:\/\/www.pedrojosepradillo.com\/en\/regreso-a-un-mundo-feliz\/","title":{"rendered":"Regreso a un mundo feliz"},"content":{"rendered":"<div class=\"vc_row wpb_row vc_row-fluid oi_inner_without_paddings\"><div class=\"wpb_column vc_column_container vc_col-sm-12\"><div class=\"wpb_wrapper\"><h1 style=\"text-align: left;font-family:Arimo;font-weight:400;font-style:normal\" class=\"vc_custom_heading\">Regreso a un mundo feliz<\/h1><\/div><\/div><\/div><div class=\"vc_row wpb_row vc_row-fluid oi_inner_without_paddings\"><div class=\"wpb_column vc_column_container vc_col-sm-6 vc_custom_1450713052770\"><div class=\"wpb_wrapper\">\n\t<div class=\"wpb_text_column wpb_content_element \">\n\t\t<div class=\"wpb_wrapper\">\n\t\t\t<p>\nUn mundo feliz (Brave new world, 1932) es la novela de ficci\u00f3n m\u00e1s famosa del escritor brit\u00e1nico Aldous Huxley (1894-1963) que aborda las singularidades de la sociedad en un tiempo futuro, muy alejada del modelo de la \u00e9poca en que fue escrita. Su intenci\u00f3n no era otra que describir un mundo aterrador, de ofrecer las claves de una sociedad dist\u00f3pica, alejada de la visi\u00f3n optimista y ut\u00f3pica que propon\u00edan los dem\u00e1s sobre lo que nos esperaba en d\u00e9cadas venideras.<\/p>\n<p>Tras el \u00e9xito de este libro, Huxley publicar\u00eda Un mudo feliz revisitado (Brave new world revisited, 1958), ahora en forma de ensayos para comprobar si sus predicciones literarias y su sociedad imaginada se aproximaba a esa convulsa e inestable realidad surgida tras la Segunda Guerra Mundial. En sus conclusiones sostiene que la marcha hacia ese aberrante modelo dibujado por \u00e9l tres d\u00e9cadas antes hab\u00eda superado cualquier pron\u00f3stico. As\u00ed, ante tal coyuntura y frente a la desaparici\u00f3n de la democracia, y el previsible triunfo del totalitarismo, propone un mundo ut\u00f3pico contrario a aquel pretendido mundo feliz.<\/p>\n\n\t\t<\/div>\n\t<\/div>\n<\/div><\/div>\n<div class=\"wpb_column vc_column_container vc_col-sm-6\"><div class=\"wpb_wrapper\">\n\t<div class=\"wpb_text_column wpb_content_element \">\n\t\t<div class=\"wpb_wrapper\">\n\t\t\t<p>\nAunque mis objetivos y motivaciones no son para nada comparables a las de Huxley, me parece oportuno recurrir a \u00e9l para encuadrar este nuevo proyecto art\u00edstico que ahora se presenta, que no es otro que volver la mirada hacia aquellas primeras obras POP que abord\u00e9 entre 1977 y 1982, cuando todav\u00eda era un muchacho lleno de ilusiones que retrataba la realidad inmediata, y so\u00f1aba con un mundo feliz a trav\u00e9s de collages de recortes de revistas y ensamblajes de piezas de pl\u00e1stico. Por ello, ahora en mi regreso a ese mundo feliz surgieron piezas para colgar en las que la ingenuidad se alterna con la iron\u00eda, el an\u00e1lisis con la reflexi\u00f3n, la cr\u00edtica con el elogio.<\/p>\n<p>Todas, claro, con el mismo c\u00f3digo est\u00e9tico de anta\u00f1o, en el que cualquier resorte publicitario, fotograf\u00eda de prensa o motivo cinematogr\u00e1fico, adquieren un notable protagonismo para la elaboraci\u00f3n del relato y para la concreci\u00f3n mat\u00e9rica de la obra; en ocasiones, sirvi\u00e9ndome de estructuras geom\u00e9tricas que ya hab\u00eda ensayado en la d\u00e9cada de los ochenta.<\/p>\n\n\t\t<\/div>\n\t<\/div>\n<\/div><\/div><\/div>\n","protected":false},"excerpt":{"rendered":"Regreso a un mundo feliz Un mundo feliz (Brave new world, 1932) es la novela de ficci\u00f3n m\u00e1s famosa del escritor brit\u00e1nico Aldous Huxley (1894-1963) que aborda las singularidades de la sociedad en un tiempo futuro, muy alejada del modelo de la \u00e9poca en que fue escrita. Su intenci\u00f3n no era otra que describir un [...]","protected":false},"author":1,"featured_media":0,"parent":0,"menu_order":0,"comment_status":"closed","ping_status":"closed","template":"portfolio.php","meta":[],"_links":{"self":[{"href":"http:\/\/www.pedrojosepradillo.com\/en\/wp-json\/wp\/v2\/pages\/4093"}],"collection":[{"href":"http:\/\/www.pedrojosepradillo.com\/en\/wp-json\/wp\/v2\/pages"}],"about":[{"href":"http:\/\/www.pedrojosepradillo.com\/en\/wp-json\/wp\/v2\/types\/page"}],"author":[{"embeddable":true,"href":"http:\/\/www.pedrojosepradillo.com\/en\/wp-json\/wp\/v2\/users\/1"}],"replies":[{"embeddable":true,"href":"http:\/\/www.pedrojosepradillo.com\/en\/wp-json\/wp\/v2\/comments?post=4093"}],"version-history":[{"count":4,"href":"http:\/\/www.pedrojosepradillo.com\/en\/wp-json\/wp\/v2\/pages\/4093\/revisions"}],"predecessor-version":[{"id":4241,"href":"http:\/\/www.pedrojosepradillo.com\/en\/wp-json\/wp\/v2\/pages\/4093\/revisions\/4241"}],"wp:attachment":[{"href":"http:\/\/www.pedrojosepradillo.com\/en\/wp-json\/wp\/v2\/media?parent=4093"}],"curies":[{"name":"wp","href":"https:\/\/api.w.org\/{rel}","templated":true}]}}