{"id":3918,"date":"2020-03-09T08:25:52","date_gmt":"2020-03-09T08:25:52","guid":{"rendered":"http:\/\/www.pedrojosepradillo.com\/en\/catalogos-y-documentos\/"},"modified":"2026-01-27T09:56:44","modified_gmt":"2026-01-27T09:56:44","slug":"catalogos-y-documentos","status":"publish","type":"page","link":"http:\/\/www.pedrojosepradillo.com\/en\/catalogos-y-documentos\/","title":{"rendered":"Cat\u00e1logos y Documentos"},"content":{"rendered":"<p style=\"text-align: center;\"><div class=\"vc_row wpb_row vc_row-fluid oi_inner_without_paddings\"><\/p>\n<p style=\"text-align: center;\"><div class=\"wpb_column vc_column_container 1 vc_custom_1450789639726\"><div class=\"wpb_wrapper\"><\/p>\n<p style=\"text-align: center;\">\n\t<div class=\"wpb_text_column wpb_content_element \">\n\t\t<div class=\"wpb_wrapper\">\n\t\t\t<h3 style=\"text-align: center;\"><strong>2026<\/strong><\/h3>\n<h4 style=\"text-align: center;\">Audiovisual &#8220;POP &#038; DAD\u00c1&#8221;<\/h4>\n<p style=\"text-align: center;\">C\u00f3mo y porqu\u00e9 surgi\u00f3 la colecci\u00f3n &#8220;Regreso a un mundo feliz&#8221;<\/p>\n<p style=\"text-align: center;\"><a class=\"oi_vc_button\" data-title-color-hover=\"#ffffff\" data-bg-color-hover=\"#b99d61\" data-border-c-hover=\"#b99d61\"  href=\"https:\/\/youtu.be\/S1I55dUakoI\" target=\"_blank\" style=\"display:block; font-size:16px; line-heigth:16px; color:#020202; background-color:#ffffff; padding:10px 20px; border-width:1px; border-style:solid; border-color:; border-radius:3px\">Ver<\/a><\/p>\n<p style=\"text-align: center;\">\n\n\t\t<\/div>\n\t<\/div>\n<hr \/>\n<p style=\"text-align: center;\">\n\t<div class=\"wpb_text_column wpb_content_element \">\n\t\t<div class=\"wpb_wrapper\">\n\t\t\t<h3 style=\"text-align: center;\"><strong>2025<\/strong><\/h3>\n<h4 style=\"text-align: center;\">Art\u00edculo de Jos\u00e9 Miguel Mu\u00f1oz Jim\u00e9nez<\/h4>\n<p style=\"text-align: center;\">\u201cArte y memoria: el nuevo proyecto \u00ab\u00bfPor qu\u00e9 no te callas?\u00bb de Pedro Jos\u00e9 Pradillo (2020-2022), desde una \u00f3ptica de la defensa de la monarqu\u00eda\u201d<\/p>\n<p style=\"text-align: center;\">Libro de Actas de las XVI Jornadas de Castilla-La Mancha sobre Investigaci\u00f3n en Archivos. El deber de memoria. Guadalajara, 2023. Guadalajara, pp. 594-630.<\/p>\n<p style=\"text-align: center;\"><a class=\"oi_vc_button\" data-title-color-hover=\"#ffffff\" data-bg-color-hover=\"#b99d61\" data-border-c-hover=\"#b99d61\"  href=\"http:\/\/www.pedrojosepradillo.com\/wp-content\/uploads\/2025\/10\/2005, art\u00edculo J.M. Mu\u00f1oz Jim\u00e9nez, Arte y memoria.pdf\" target=\"_blank\" style=\"display:block; font-size:16px; line-heigth:16px; color:#020202; background-color:#ffffff; padding:10px 20px; border-width:1px; border-style:solid; border-color:; border-radius:3px\">Leer<\/a><\/p>\n<p style=\"text-align: center;\">\n\n\t\t<\/div>\n\t<\/div>\n<hr \/>\n<p style=\"text-align: center;\">\n\t<div class=\"wpb_text_column wpb_content_element \">\n\t\t<div class=\"wpb_wrapper\">\n\t\t\t<h3 style=\"text-align: center;\"><strong>2024<\/strong><\/h3>\n<h4 style=\"text-align: center;\">Art\u00edculo de Jos\u00e9 Miguel Mu\u00f1oz Jim\u00e9nez<\/h4>\n<p style=\"text-align: center;\">El proyecto \u00abAlfa y Omega\u00bb de Pedro Jos\u00e9 Pradillo (2020): la nueva colecci\u00f3n postmoderna e inclusiva sobre pecados capitales y virtudes morales<\/p>\n<p style=\"text-align: center;\">Libro de Actas del XVIII Encuentro de Historiadores del Valle del Henares, Alcal\u00e1 de Henares, 2024, pp. 471-487.<\/p>\n<p style=\"text-align: center;\"><a class=\"oi_vc_button\" data-title-color-hover=\"#ffffff\" data-bg-color-hover=\"#b99d61\" data-border-c-hover=\"#b99d61\"  href=\"http:\/\/www.pedrojosepradillo.com\/wp-content\/uploads\/2025\/01\/El-proyecto-Alfa-y-Omega-de-PJ-Pradillo-2020.pdf\" target=\"_blank\" style=\"display:block; font-size:16px; line-heigth:16px; color:#020202; background-color:#ffffff; padding:10px 20px; border-width:1px; border-style:solid; border-color:; border-radius:3px\">Leer<\/a><\/p>\n<p style=\"text-align: center;\">\n\n\t\t<\/div>\n\t<\/div>\n<hr \/>\n<p style=\"text-align: center;\">\n\t<div class=\"wpb_text_column wpb_content_element \">\n\t\t<div class=\"wpb_wrapper\">\n\t\t\t<h3 style=\"text-align: center;\"><strong>2024<\/strong><\/h3>\n<h4 style=\"text-align: center;\">Entrevista de Jos\u00e9 Luis Mart\u00ednez Messeguer a Pedro Jos\u00e9 Pradillo<\/h4>\n<p style=\"text-align: center;\">PAC. PLATAFORMA DE ARTE CONTEMPOR\u00c1NEO.<\/p>\n<p style=\"text-align: center;\"><a class=\"oi_vc_button\" data-title-color-hover=\"#ffffff\" data-bg-color-hover=\"#b99d61\" data-border-c-hover=\"#b99d61\"  href=\"https:\/\/www.plataformadeartecontemporaneo.com\/pac\/entrevista-a-pedro-jose-pradillo\" target=\"_blank\" style=\"display:block; font-size:16px; line-heigth:16px; color:#020202; background-color:#ffffff; padding:10px 20px; border-width:1px; border-style:solid; border-color:; border-radius:3px\">Leer<\/a><\/p>\n<p style=\"text-align: center;\">\n\n\t\t<\/div>\n\t<\/div>\n<hr \/>\n<p style=\"text-align: center;\">\n\t<div class=\"wpb_text_column wpb_content_element \">\n\t\t<div class=\"wpb_wrapper\">\n\t\t\t<h3 style=\"text-align: center;\"><strong>2022<\/strong><\/h3>\n<h4 style=\"text-align: center;\">La serie de collages pop (1977-1980) de Pedro Jos\u00e9 Pradillo, o rendido ante el papel cuch\u00e9<\/h4>\n<p style=\"text-align: center;\">Jos\u00e9 Miguel, Mu\u00f1oz Jim\u00e9nez, ATRIO. Revista de Historia del Arte<\/p>\n<p style=\"text-align: center;\"><a class=\"oi_vc_button\" data-title-color-hover=\"#ffffff\" data-bg-color-hover=\"#b99d61\" data-border-c-hover=\"#b99d61\"  href=\"http:\/\/www.pedrojosepradillo.com\/wp-content\/uploads\/2023\/01\/2022SerieCollagesPop.pdf\" target=\"_blank\" style=\"display:block; font-size:16px; line-heigth:16px; color:#020202; background-color:#ffffff; padding:10px 20px; border-width:1px; border-style:solid; border-color:; border-radius:3px\">Descargar<\/a><\/p>\n<p style=\"text-align: center;\">\n\n\t\t<\/div>\n\t<\/div>\n<hr \/>\n<p style=\"text-align: center;\">\n\t<div class=\"wpb_text_column wpb_content_element \">\n\t\t<div class=\"wpb_wrapper\">\n\t\t\t<h3 style=\"text-align: center;\"><strong>2022<\/strong><\/h3>\n<h4 style=\"text-align: center;\">PEDRO JOS\u00c9 PRADILLO. EL SUE\u00d1O DE LA RAZ\u00d3N [CAJAS Y ENSAMBLAJES]<\/h4>\n<p style=\"text-align: center;\">Cat\u00e1logo de la exposici\u00f3n<\/p>\n<p style=\"text-align: center;\"><a class=\"oi_vc_button\" data-title-color-hover=\"#ffffff\" data-bg-color-hover=\"#b99d61\" data-border-c-hover=\"#b99d61\"  href=\"https:\/\/www.pedrojosepradillo.com\/wp-content\/uploads\/2022\/10\/catalogo_expo_pradillo_el%20sue%C3%B1o%20de%20la%20razon_pliegos.pdf\" target=\"_blank\" style=\"display:block; font-size:16px; line-heigth:16px; color:#020202; background-color:#ffffff; padding:10px 20px; border-width:1px; border-style:solid; border-color:; border-radius:3px\">Descargar<\/a><\/p>\n<p style=\"text-align: center;\">\n\n\t\t<\/div>\n\t<\/div>\n<hr \/>\n<p style=\"text-align: center;\">\n\t<div class=\"wpb_text_column wpb_content_element \">\n\t\t<div class=\"wpb_wrapper\">\n\t\t\t<h3 style=\"text-align: center;\"><strong>2022<\/strong><\/h3>\n<h4 style=\"text-align: center;\">ALFA Y OMEGA. DE PECATA MUNDI, Javier B. MART\u00cdN<\/h4>\n<p style=\"text-align: center;\">Cat\u00e1logo de la exposici\u00f3n en el Museo Tiflol\u00f3gico de la ONCE<\/p>\n<p style=\"text-align: center;\"><a class=\"oi_vc_button\" data-title-color-hover=\"#ffffff\" data-bg-color-hover=\"#b99d61\" data-border-c-hover=\"#b99d61\"  href=\"http:\/\/www.pedrojosepradillo.com\/wp-content\/uploads\/2022\/01\/catalogo_alfayomega.pdf\" target=\"_blank\" style=\"display:block; font-size:16px; line-heigth:16px; color:#020202; background-color:#ffffff; padding:10px 20px; border-width:1px; border-style:solid; border-color:; border-radius:3px\">Descargar<\/a><\/p>\n<p style=\"text-align: center;\">\n\n\t\t<\/div>\n\t<\/div>\n<hr \/>\n<p style=\"text-align: center;\">\n\t<div class=\"wpb_text_column wpb_content_element \">\n\t\t<div class=\"wpb_wrapper\">\n\t\t\t<h3 style=\"text-align: center;\"><strong>2021<\/strong><\/h3>\n<h4 style=\"text-align: center;\">Pedro Jos\u00e9 Pradillo, un culto artista conceptual.<\/h4>\n<p style=\"text-align: center;\">Jos\u00e9 Miguel Mu\u00f1oz Jim\u00e9nez, UM\u00c1TICA, Revista sobre creaci\u00f3n y an\u00e1lisis de la imagen<\/p>\n<p style=\"text-align: center;\"><a class=\"oi_vc_button\" data-title-color-hover=\"#ffffff\" data-bg-color-hover=\"#b99d61\" data-border-c-hover=\"#b99d61\"  href=\"https:\/\/revistas.uma.es\/index.php\/umatica\/article\/view\/6769\" target=\"_blank\" style=\"display:block; font-size:16px; line-heigth:16px; color:#020202; background-color:#ffffff; padding:10px 20px; border-width:1px; border-style:solid; border-color:; border-radius:3px\">Ver online<\/a><\/p>\n<p style=\"text-align: center;\">\n\n\t\t<\/div>\n\t<\/div>\n<hr \/>\n<p style=\"text-align: center;\">\n\t<div class=\"wpb_text_column wpb_content_element \">\n\t\t<div class=\"wpb_wrapper\">\n\t\t\t<h3 style=\"text-align: center;\"><strong>2020<\/strong><\/h3>\n<h4 style=\"text-align: center;\">Besos y Caprichos. Iconograf\u00eda y estilo en 80 cajas-collages de Pedro Jos\u00e9 Pradillo.<\/h4>\n<p style=\"text-align: center;\">Jos\u00e9 Miguel Mu\u00f1oz Jim\u00e9nez<\/p>\n<p style=\"text-align: center;\"><a class=\"oi_vc_button\" data-title-color-hover=\"#ffffff\" data-bg-color-hover=\"#b99d61\" data-border-c-hover=\"#b99d61\"  href=\"http:\/\/www.pedrojosepradillo.com\/wp-content\/uploads\/2021\/01\/besos_caprichos_2020_web.pdf\" target=\"_blank\" style=\"display:block; font-size:16px; line-heigth:16px; color:#020202; background-color:#ffffff; padding:10px 20px; border-width:1px; border-style:solid; border-color:; border-radius:3px\">Descargar<\/a><\/p>\n<p style=\"text-align: center;\">\n\n\t\t<\/div>\n\t<\/div>\n<hr \/>\n<p style=\"text-align: center;\">\n\t<div class=\"wpb_text_column wpb_content_element \">\n\t\t<div class=\"wpb_wrapper\">\n\t\t\t<h3 style=\"text-align: center;\"><strong>2019<\/strong><\/h3>\n<h4 style=\"text-align: center;\">PO\u00c9TICA EN LIBERTAD. COLLAGES DE LA TRANSICI\u00d3N<\/h4>\n<p style=\"text-align: center;\">Cat\u00e1logo de exposici\u00f3n en la Galer\u00eda Modus Operandi, Madrid.<br \/>\nTextos de Gala Pradillo D\u00edaz.<\/p>\n<p style=\"text-align: center;\"><a class=\"oi_vc_button\" data-title-color-hover=\"#ffffff\" data-bg-color-hover=\"#b99d61\" data-border-c-hover=\"#b99d61\"  href=\"http:\/\/www.pedrojosepradillo.com\/wp-content\/uploads\/2019\/11\/CATALOGO_POETICA_EN_LIBERTAD.pdf\" target=\"_blank\" style=\"display:block; font-size:16px; line-heigth:16px; color:#020202; background-color:#ffffff; padding:10px 20px; border-width:1px; border-style:solid; border-color:; border-radius:3px\">Descargar<\/a><\/p>\n<p style=\"text-align: center;\">\n\n\t\t<\/div>\n\t<\/div>\n<hr \/>\n<p style=\"text-align: center;\">\n\t<div class=\"wpb_text_column wpb_content_element \">\n\t\t<div class=\"wpb_wrapper\">\n\t\t\t<h3 style=\"text-align: center;\"><strong>2019<\/strong><\/h3>\n<h4 style=\"text-align: center;\">CON QU\u00c9 OBJETO<\/h4>\n<p style=\"text-align: center;\">Cat\u00e1logo de exposici\u00f3n en el Espacio Antonio P\u00e9rez, Diputaci\u00f3n Provincial de Guadalajara.<br \/>\nTextos de Jos\u00e9 Miguel Mu\u00f1oz Jim\u00e9nez.<\/p>\n<p style=\"text-align: center;\"><a class=\"oi_vc_button\" data-title-color-hover=\"#ffffff\" data-bg-color-hover=\"#b99d61\" data-border-c-hover=\"#b99d61\"  href=\"http:\/\/www.pedrojosepradillo.com\/wp-content\/uploads\/2020\/03\/catalogo_expo_con-que-objeto_pradillo_web.pdf\" target=\"_blank\" style=\"display:block; font-size:16px; line-heigth:16px; color:#020202; background-color:#ffffff; padding:10px 20px; border-width:1px; border-style:solid; border-color:; border-radius:3px\">Descargar<\/a><\/p>\n<p style=\"text-align: center;\">\n\n\t\t<\/div>\n\t<\/div>\n<hr \/>\n<p style=\"text-align: center;\">\n\t<div class=\"wpb_text_column wpb_content_element \">\n\t\t<div class=\"wpb_wrapper\">\n\t\t\t<h3 style=\"text-align: center;\"><strong>2018<\/strong><\/h3>\n<h4 style=\"text-align: center;\">ECCE-HOMO. A PROP\u00d3SITO DE F. NIETZSCHE.<br \/>\nLA \u00daLTIMA PROPUESTA DEL ARTISTA CONCEPTUAL PEDRO JOS\u00c9 PRADILLO<\/h4>\n<p style=\"text-align: center;\">Libro de Actas del XVI Encuentro de Historiadores del Valle del Henares, Madrid.<br \/>\nTextos de Jos\u00e9 Miguel Mu\u00f1oz Jim\u00e9nez.<\/p>\n<p style=\"text-align: center;\"><a class=\"oi_vc_button\" data-title-color-hover=\"#ffffff\" data-bg-color-hover=\"#b99d61\" data-border-c-hover=\"#b99d61\"  href=\"http:\/\/www.pedrojosepradillo.com\/wp-content\/uploads\/2019\/01\/2018-ECCE-HOMO-analizado-por-el-historiador-Jos%C3%A9-Miguel-Mu%C3%B1oz.pdf\" target=\"_blank\" style=\"display:block; font-size:16px; line-heigth:16px; color:#020202; background-color:#ffffff; padding:10px 20px; border-width:1px; border-style:solid; border-color:; border-radius:3px\">Descargar<\/a><\/p>\n<p style=\"text-align: center;\">\n\n\t\t<\/div>\n\t<\/div>\n<hr \/>\n<p style=\"text-align: center;\">\n\t<div class=\"wpb_text_column wpb_content_element \">\n\t\t<div class=\"wpb_wrapper\">\n\t\t\t<h3 style=\"text-align: center;\"><strong>1997<\/strong><\/h3>\n<h4 style=\"text-align: center;\">TRES LECCIONES DE ARTE PARA ANTONIO SAURA<\/h4>\n<p style=\"text-align: center;\">Libro de artista, Guadalajara.<br \/>\nTextos e im\u00e1genes de Pedro Jos\u00e9 Pradillo.<\/p>\n<p style=\"text-align: center;\"><a class=\"oi_vc_button\" data-title-color-hover=\"#ffffff\" data-bg-color-hover=\"#b99d61\" data-border-c-hover=\"#b99d61\"  href=\"http:\/\/www.pedrojosepradillo.com\/wp-content\/uploads\/2016\/10\/Tres-lecciones-libro.pdf\" target=\"_blank\" style=\"display:block; font-size:16px; line-heigth:16px; color:#020202; background-color:#ffffff; padding:10px 20px; border-width:1px; border-style:solid; border-color:; border-radius:3px\">Descargar<\/a><\/p>\n<p style=\"text-align: center;\">\n\n\t\t<\/div>\n\t<\/div>\n<hr \/>\n<p style=\"text-align: center;\">\n\t<div class=\"wpb_text_column wpb_content_element \">\n\t\t<div class=\"wpb_wrapper\">\n\t\t\t<h3 style=\"text-align: center;\"><strong>1996<\/strong><\/h3>\n<h4 style=\"text-align: center;\">IN\/CON.VERTIDO<\/h4>\n<p style=\"text-align: center;\">Cat\u00e1logo de exposici\u00f3n en el Museo de Guadalajara, Palacio del Infantado, Guadalajara.<br \/>\nTextos de Jos\u00e9 Miguel Mu\u00f1oz Jim\u00e9nez.<\/p>\n<p style=\"text-align: center;\"><a class=\"oi_vc_button\" data-title-color-hover=\"#ffffff\" data-bg-color-hover=\"#b99d61\" data-border-c-hover=\"#b99d61\"  href=\"http:\/\/www.pedrojosepradillo.com\/wp-content\/uploads\/2020\/03\/catalogo_in_con_vertido_1996.pdf\" target=\"_blank\" style=\"display:block; font-size:16px; line-heigth:16px; color:#020202; background-color:#ffffff; padding:10px 20px; border-width:1px; border-style:solid; border-color:; border-radius:3px\">Descargar<\/a><\/p>\n<p style=\"text-align: center;\">\n\n\t\t<\/div>\n\t<\/div>\n<hr \/>\n<p style=\"text-align: center;\">\n\t<div class=\"wpb_text_column wpb_content_element \">\n\t\t<div class=\"wpb_wrapper\">\n\t\t\t<h3 style=\"text-align: center;\"><strong>1992<\/strong><\/h3>\n<h4 style=\"text-align: center;\">4 x KS = 0<\/h4>\n<p style=\"text-align: center;\">Libro de artista, Madrid, Colecci\u00f3n \u201cLa Media Vaca\u201d, no 45.<br \/>\nTextos e im\u00e1genes de Pedro Jos\u00e9 Pradillo.<\/p>\n<p style=\"text-align: center;\"><a class=\"oi_vc_button\" data-title-color-hover=\"#ffffff\" data-bg-color-hover=\"#b99d61\" data-border-c-hover=\"#b99d61\"  href=\"http:\/\/www.pedrojosepradillo.com\/wp-content\/uploads\/2016\/10\/4xks-Libro.pdf\" target=\"_blank\" style=\"display:block; font-size:16px; line-heigth:16px; color:#020202; background-color:#ffffff; padding:10px 20px; border-width:1px; border-style:solid; border-color:; border-radius:3px\">Descargar<\/a><\/p>\n<p style=\"text-align: center;\">\n\n\t\t<\/div>\n\t<\/div>\n<hr \/>\n<p style=\"text-align: center;\"><\/div><\/div>\n<p style=\"text-align: center;\"><\/div>\n","protected":false},"excerpt":{"rendered":"2026 Audiovisual \"POP & DAD\u00c1\" C\u00f3mo y porqu\u00e9 surgi\u00f3 la colecci\u00f3n \"Regreso a un mundo feliz\" Ver 2025 Art\u00edculo de Jos\u00e9 Miguel Mu\u00f1oz Jim\u00e9nez \u201cArte y memoria: el nuevo proyecto \u00ab\u00bfPor qu\u00e9 no te callas?\u00bb de Pedro Jos\u00e9 Pradillo (2020-2022), desde una \u00f3ptica de la defensa de la monarqu\u00eda\u201d Libro de Actas de las XVI [...]","protected":false},"author":1,"featured_media":0,"parent":0,"menu_order":0,"comment_status":"closed","ping_status":"closed","template":"","meta":[],"_links":{"self":[{"href":"http:\/\/www.pedrojosepradillo.com\/en\/wp-json\/wp\/v2\/pages\/3918"}],"collection":[{"href":"http:\/\/www.pedrojosepradillo.com\/en\/wp-json\/wp\/v2\/pages"}],"about":[{"href":"http:\/\/www.pedrojosepradillo.com\/en\/wp-json\/wp\/v2\/types\/page"}],"author":[{"embeddable":true,"href":"http:\/\/www.pedrojosepradillo.com\/en\/wp-json\/wp\/v2\/users\/1"}],"replies":[{"embeddable":true,"href":"http:\/\/www.pedrojosepradillo.com\/en\/wp-json\/wp\/v2\/comments?post=3918"}],"version-history":[{"count":10,"href":"http:\/\/www.pedrojosepradillo.com\/en\/wp-json\/wp\/v2\/pages\/3918\/revisions"}],"predecessor-version":[{"id":4295,"href":"http:\/\/www.pedrojosepradillo.com\/en\/wp-json\/wp\/v2\/pages\/3918\/revisions\/4295"}],"wp:attachment":[{"href":"http:\/\/www.pedrojosepradillo.com\/en\/wp-json\/wp\/v2\/media?parent=3918"}],"curies":[{"name":"wp","href":"https:\/\/api.w.org\/{rel}","templated":true}]}}