{"id":3911,"date":"2019-03-15T09:05:35","date_gmt":"2019-03-15T09:05:35","guid":{"rendered":"http:\/\/www.pedrojosepradillo.com\/en\/collages\/"},"modified":"2025-01-24T08:37:05","modified_gmt":"2025-01-24T08:37:05","slug":"collages","status":"publish","type":"page","link":"http:\/\/www.pedrojosepradillo.com\/en\/collages\/","title":{"rendered":"Collages"},"content":{"rendered":"<div class=\"vc_row wpb_row vc_row-fluid oi_inner_without_paddings\"><div class=\"wpb_column vc_column_container vc_col-sm-12\"><div class=\"wpb_wrapper\"><h1 style=\"text-align: left;font-family:Arimo;font-weight:400;font-style:normal\" class=\"vc_custom_heading\">Collages<\/h1><\/div><\/div><\/div><div class=\"vc_row wpb_row vc_row-fluid oi_inner_without_paddings\"><div class=\"wpb_column vc_column_container vc_col-sm-6\"><div class=\"wpb_wrapper\">\n\t<div class=\"wpb_text_column wpb_content_element \">\n\t\t<div class=\"wpb_wrapper\">\n\t\t\t<p>El <strong>collage<\/strong> es un procedimiento creativo popularizado y sublimado por las vanguardias art\u00edsticas en las primeras d\u00e9cadas del siglo XX. Para confeccionar estos ensamblajes se asocian y se adhieren entre s\u00ed elementos preexistentes para, de este modo, elaborar una pieza singular. Los materiales de partida pueden ser muy diversos: recortes de papel, de fotograf\u00edas, de estampas o de grabados, fragmentos de maderas, de metal, o cualquier objeto de dispar procedencia.<\/p>\n<p>Muy pronto los gabinetes pedag\u00f3gicos incorporaron el collage en los programas de la asignatura de pl\u00e1stica, conscientes de las facilidades que ofrec\u00eda trabajar con piezas y elementos \u201cacabados\u201d, as\u00ed como de las posibilidades que brindaba esta t\u00e9cnica a los \u201cmenos dotados\u201d.<\/p>\n\n\t\t<\/div>\n\t<\/div>\n<\/div><\/div>\n<div class=\"wpb_column vc_column_container vc_col-sm-6\"><div class=\"wpb_wrapper\">\n\t<div class=\"wpb_text_column wpb_content_element \">\n\t\t<div class=\"wpb_wrapper\">\n\t\t\t<p><strong>Po\u00e9tica en libertad, Collages de la Transici\u00f3n, 1977-1980<\/strong><\/p>\n<p>Las obras que aqu\u00ed se re\u00fanen fueron confeccionadas por Pedro Jos\u00e9 cuando estudiaba<br \/>\nBachillerato (cursos 1976\/1977, 1977\/1978 y 1978\/1979), y como obsesiva pr\u00e1ctica compositiva a partir de fotograf\u00edas publicitarias recortadas. En todas subyacen los miedos, las inseguridades y los mitos que apremian a un muchacho que quiere superar la adolescencia; pero, tambi\u00e9n, la esperanza que se abre ante un nuevo orden pol\u00edtico, el rechazo a la violencia y el terrorismo, la preocupaci\u00f3n por el medio ambiente y por la conservaci\u00f3n del patrimonio cultural y monumental, la defensa de la libertad de expresi\u00f3n de hombres y de mujeres\u2026<\/p>\n<p>Estos puzles de im\u00e1genes \u2013apropiadas de otros\u2013 no se hab\u00edan transformado en fotomontajes hasta 2019, a\u00f1o en que han pasado por el objetivo y manos de Calixto Berrocal, hasta convertirse en unas magn\u00edficas reproducciones montadas sobre soporte r\u00edgido.<\/p>\n\n\t\t<\/div>\n\t<\/div>\n<\/div><\/div><\/div>\n","protected":false},"excerpt":{"rendered":"Collages El collage es un procedimiento creativo popularizado y sublimado por las vanguardias art\u00edsticas en las primeras d\u00e9cadas del siglo XX. Para confeccionar estos ensamblajes se asocian y se adhieren entre s\u00ed elementos preexistentes para, de este modo, elaborar una pieza singular. Los materiales de partida pueden ser muy diversos: recortes de papel, de fotograf\u00edas, [...]","protected":false},"author":1,"featured_media":0,"parent":0,"menu_order":0,"comment_status":"closed","ping_status":"closed","template":"portfolio.php","meta":[],"_links":{"self":[{"href":"http:\/\/www.pedrojosepradillo.com\/en\/wp-json\/wp\/v2\/pages\/3911"}],"collection":[{"href":"http:\/\/www.pedrojosepradillo.com\/en\/wp-json\/wp\/v2\/pages"}],"about":[{"href":"http:\/\/www.pedrojosepradillo.com\/en\/wp-json\/wp\/v2\/types\/page"}],"author":[{"embeddable":true,"href":"http:\/\/www.pedrojosepradillo.com\/en\/wp-json\/wp\/v2\/users\/1"}],"replies":[{"embeddable":true,"href":"http:\/\/www.pedrojosepradillo.com\/en\/wp-json\/wp\/v2\/comments?post=3911"}],"version-history":[{"count":2,"href":"http:\/\/www.pedrojosepradillo.com\/en\/wp-json\/wp\/v2\/pages\/3911\/revisions"}],"predecessor-version":[{"id":4136,"href":"http:\/\/www.pedrojosepradillo.com\/en\/wp-json\/wp\/v2\/pages\/3911\/revisions\/4136"}],"wp:attachment":[{"href":"http:\/\/www.pedrojosepradillo.com\/en\/wp-json\/wp\/v2\/media?parent=3911"}],"curies":[{"name":"wp","href":"https:\/\/api.w.org\/{rel}","templated":true}]}}