{"id":3908,"date":"2023-01-04T09:01:36","date_gmt":"2023-01-04T09:01:36","guid":{"rendered":"http:\/\/www.pedrojosepradillo.com\/en\/alfa-y-omega\/"},"modified":"2023-01-04T09:53:35","modified_gmt":"2023-01-04T09:53:35","slug":"alfa-y-omega","status":"publish","type":"page","link":"http:\/\/www.pedrojosepradillo.com\/en\/alfa-y-omega\/","title":{"rendered":"Alfa y Omega. Pecados y Virtudes"},"content":{"rendered":"<div class=\"vc_row wpb_row vc_row-fluid oi_inner_without_paddings\"><div class=\"wpb_column vc_column_container vc_col-sm-12\"><div class=\"wpb_wrapper\"><h1 style=\"text-align: left;font-family:Arimo;font-weight:400;font-style:normal\" class=\"vc_custom_heading\">Alfa y Omega. Pecados y Virtudes<\/h1><\/div><\/div><\/div><div class=\"vc_row wpb_row vc_row-fluid oi_inner_without_paddings\"><div class=\"wpb_column vc_column_container vc_col-sm-6 vc_custom_1450713052770\"><div class=\"wpb_wrapper\">\n\t<div class=\"wpb_text_column wpb_content_element \">\n\t\t<div class=\"wpb_wrapper\">\n\t\t\t<p>\nEn 2019, Javier B. Mart\u00edn \u2013coleccionista y director de Ars Citerior\u2013 nos propon\u00eda a Pep Garro y a m\u00ed un reto art\u00edstico: elaborar conjuntamente, y sin l\u00edmite alguno, una colecci\u00f3n de ensamblajes dedicada a los siete pecados capitales y a las virtudes opuestas. Pero, muy pronto, los compromisos profesionales de Garro le derivaban hacia otros proyectos. En este espacio de tiempo el Museo Tiflol\u00f3gico de Madrid me suger\u00eda la posibilidad de presentar en su sala de exposiciones temporales alguno de mis proyectos\u2026 La suerte estaba echada\u2026 Mis Pecados y virtudes se encaminar\u00edan por una senda concreta, la de la inclusi\u00f3n. En consecuencia, tendr\u00edan que superar el concepto de icono visual y experimentar con otros que permitan reconocer la obra a trav\u00e9s del sentido del tacto. <\/p>\n<p>Por todo ello, adem\u00e1s del ejercicio b\u00e1sico de composici\u00f3n para la observaci\u00f3n ocular, he pretendido \u2013ya se analizar\u00e1 con qu\u00e9 \u00e9xito\u2013, componer sencillos ensamblajes con figuras, relieves y objetos, sobre tableros y armazones cubiertos con materiales de texturas diferentes y tratados con procedimientos dispares que estimulen el tacto y la imaginaci\u00f3n de aquel que se acerque hasta estas piezas \u2013todas, identificadas con su t\u00edtulo en braille\u2013.<\/p>\n\n\t\t<\/div>\n\t<\/div>\n<\/div><\/div>\n<div class=\"wpb_column vc_column_container vc_col-sm-6\"><div class=\"wpb_wrapper\">\n\t<div class=\"wpb_text_column wpb_content_element \">\n\t\t<div class=\"wpb_wrapper\">\n\t\t\t<p>\nEsa dualidad entre el mal y el bien, entre los pecados y las virtudes, y la postrera victoria de \u00e9stas, ser\u00eda durante d\u00e9cadas el argumento recurrente de la iglesia para amedrentar a sus fieles y para concebir una sociedad de hombres justos. Es cierto que en Espa\u00f1a las mujeres y hombres de mi generaci\u00f3n \u2013a la que pertenecen tambi\u00e9n Mart\u00edn y Garro\u2013 fuimos los \u00faltimos en recibir una educaci\u00f3n encorsetada y encaminada hacia esa senda de perfecci\u00f3n; y, no es menos cierto, que desde el \u00faltimo tercio del siglo XX muy pocos se preocupan por caer en los brazos de los vicios que se identifican con los pecados para, una vez reconocido su error, correr hacia el ben\u00e9volo regazo de las matronas virtuosas. Entonces, quiz\u00e1s, este asunto que aqu\u00ed se expone sea uno de los \u00faltimos ejercicios pl\u00e1sticos que atienda a esta controversia planteada por el arcaico catecismo. <\/p>\n<p>S\u00f3lo nos queda, por tanto, el consuelo de una mirada retrospectiva que nos permita atajar vagos recuerdos de nuestra memoria, de desvelar im\u00e1genes que rememoren la incansable b\u00fasqueda del perfeccionamiento que preconizaban los fil\u00f3sofos de la antig\u00fcedad y que codificaron los doctores de la iglesia en sentido contrario cuando focalizaron el objetivo en la identificaci\u00f3n del pecado y en la lucha individual y particular hasta su derrota total. <\/p>\n<p>Debo advertir que el proceso creativo se desarroll\u00f3 durante el confinamiento y bajo las restricciones impuestas por la crisis sanitar\u00eda m\u00e1s grave conocida durante d\u00e9cadas. No cabe duda que esta coyuntura determinar\u00e1 notablemente el esp\u00edritu, la iconograf\u00eda, la simbolog\u00eda y el aspecto formal de todo el conjunto y de cada uno de los ensamblajes. He aqu\u00ed la obra, mis interpretaciones de los binomios: Soberbia\/Humildad; Avaricia\/Generosidad; Lujuria\/Castidad; Ira\/Paciencia; Gula\/Templanza; Envidia\/ Caridad; Pereza\/Diligencia.<\/p>\n\n\t\t<\/div>\n\t<\/div>\n<\/div><\/div><\/div>\n","protected":false},"excerpt":{"rendered":"Alfa y Omega. Pecados y Virtudes En 2019, Javier B. Mart\u00edn \u2013coleccionista y director de Ars Citerior\u2013 nos propon\u00eda a Pep Garro y a m\u00ed un reto art\u00edstico: elaborar conjuntamente, y sin l\u00edmite alguno, una colecci\u00f3n de ensamblajes dedicada a los siete pecados capitales y a las virtudes opuestas. Pero, muy pronto, los compromisos profesionales [...]","protected":false},"author":1,"featured_media":0,"parent":0,"menu_order":0,"comment_status":"closed","ping_status":"closed","template":"portfolio.php","meta":[],"_links":{"self":[{"href":"http:\/\/www.pedrojosepradillo.com\/en\/wp-json\/wp\/v2\/pages\/3908"}],"collection":[{"href":"http:\/\/www.pedrojosepradillo.com\/en\/wp-json\/wp\/v2\/pages"}],"about":[{"href":"http:\/\/www.pedrojosepradillo.com\/en\/wp-json\/wp\/v2\/types\/page"}],"author":[{"embeddable":true,"href":"http:\/\/www.pedrojosepradillo.com\/en\/wp-json\/wp\/v2\/users\/1"}],"replies":[{"embeddable":true,"href":"http:\/\/www.pedrojosepradillo.com\/en\/wp-json\/wp\/v2\/comments?post=3908"}],"version-history":[{"count":1,"href":"http:\/\/www.pedrojosepradillo.com\/en\/wp-json\/wp\/v2\/pages\/3908\/revisions"}],"predecessor-version":[{"id":3909,"href":"http:\/\/www.pedrojosepradillo.com\/en\/wp-json\/wp\/v2\/pages\/3908\/revisions\/3909"}],"wp:attachment":[{"href":"http:\/\/www.pedrojosepradillo.com\/en\/wp-json\/wp\/v2\/media?parent=3908"}],"curies":[{"name":"wp","href":"https:\/\/api.w.org\/{rel}","templated":true}]}}