{"id":3905,"date":"2017-10-02T15:21:19","date_gmt":"2017-10-02T15:21:19","guid":{"rendered":"http:\/\/www.pedrojosepradillo.com\/en\/ecce-homo\/"},"modified":"2023-01-04T09:53:10","modified_gmt":"2023-01-04T09:53:10","slug":"ecce-homo","status":"publish","type":"page","link":"http:\/\/www.pedrojosepradillo.com\/en\/ecce-homo\/","title":{"rendered":"Ecce-Homo"},"content":{"rendered":"<div class=\"vc_row wpb_row vc_row-fluid oi_inner_without_paddings\"><div class=\"wpb_column vc_column_container vc_col-sm-12\"><div class=\"wpb_wrapper\"><h1 style=\"text-align: left;font-family:Arimo;font-weight:400;font-style:normal\" class=\"vc_custom_heading\">Ecce-Homo<\/h1><\/div><\/div><\/div><div class=\"vc_row wpb_row vc_row-fluid oi_inner_without_paddings\"><div class=\"wpb_column vc_column_container vc_col-sm-6 vc_custom_1450782562995\"><div class=\"wpb_wrapper\">\n\t<div class=\"wpb_text_column wpb_content_element \">\n\t\t<div class=\"wpb_wrapper\">\n\t\t\t<p>A\u00fan embarcado en el proyecto <strong><em>Besos y Caprichos<\/em><\/strong>, en febrero de 2016 Pradillo presenta en <strong>\u201c<\/strong><strong><em>De Nietzsche a Picasso: una mirada Nana\u00edsta\u201d<\/em><\/strong> \u2013exposici\u00f3n organizada por la Galer\u00eda Modus Operandi de Madrid\u2013 varias obras inspiradas en la literatura del fil\u00f3sofo alem\u00e1n y en su pensamiento. Del poderoso atractivo de los enunciados de F. Nietzsche surgir\u00e1n ensamblajes en forma de cajas y de relieves que ver\u00e1n la luz en septiembre de 2017 en la muestra titulada <strong><em>Ecce\u2013Homo. A prop\u00f3sito de F.\u00a0Nietzsche<\/em><\/strong><strong><em>\u00a0<\/em><\/strong>en la madrile\u00f1a galer\u00eda Art Room.<\/p>\n<p>Esta colecci\u00f3n ofrece una visi\u00f3n transversal y ca\u00fastica del tiempo presente, cr\u00edtica con el individualismo neoliberal imperante, que incrementa la visibilidad de ciertos problemas subyacentes que preocupan a muchos. Pero, adem\u00e1s, para acrecentar los efectos de esta acci\u00f3n de denuncia emplea como recursos efectivos la iron\u00eda y el cinismo, a veces, presentados bajo la envoltura kitsch y l\u00fadica. Estas cajas y relieves, resultado de la adici\u00f3n de objetos buscados dentro y sobre contenedores elaborados por \u00e9l mismo, nos invitan una vez m\u00e1s a citar a Nietzsche:\u00a0<em>\u201cEl juicio bueno no emana de ning\u00fan modo de aquellos a quienes se prodig\u00f3 la bondad\u201d<\/em>.<\/p>\n\n\t\t<\/div>\n\t<\/div>\n<\/div><\/div><div class=\"wpb_column vc_column_container vc_col-sm-6\"><div class=\"wpb_wrapper\">\n\t<div class=\"wpb_text_column wpb_content_element \">\n\t\t<div class=\"wpb_wrapper\">\n\t\t\t<h3 style=\"text-align: center;\"><strong><a href=\"http:\/\/www.pedrojosepradillo.com\/wp-content\/uploads\/2019\/01\/2018-ECCE-HOMO-analizado-por-el-historiador-Jos\u00e9-Miguel-Mu\u00f1oz.pdf\">\u201cECCE-HOMO\u201d analizado por el experto Jos\u00e9 Miguel Mu\u00f1oz Jim\u00e9nez<\/a><\/strong><\/h3>\n\n\t\t<\/div>\n\t<\/div>\n\n\t<div class=\"wpb_video_widget wpb_content_element\">\n\t\t<div class=\"wpb_wrapper\">\n\t\t\t<h2 class=\"wpb_heading wpb_video_heading\">Entrevista en esRadio Guadalajara<\/h2>\n\t\t\t<div class=\"wpb_video_wrapper\"><iframe title=\"Pedro Jos\u00e9 Pradillo expone en Madrid obras de arte\" width=\"1100\" height=\"619\" src=\"https:\/\/www.youtube.com\/embed\/F1iI9dwkW_4?feature=oembed\" frameborder=\"0\" allow=\"accelerometer; autoplay; encrypted-media; gyroscope; picture-in-picture\" allowfullscreen><\/iframe><\/div>\n\t\t<\/div>\n\t<\/div>\n<\/div><\/div><\/div><div class=\"vc_row wpb_row vc_row-fluid oi_inner_without_paddings\"><div class=\"wpb_column vc_column_container vc_col-sm-12\"><div class=\"wpb_wrapper\">\n\t<div class=\"wpb_video_widget wpb_content_element\">\n\t\t<div class=\"wpb_wrapper\">\n\t\t\t<h2 class=\"wpb_heading wpb_video_heading\">Ecce-Homo, de Pedro Jos\u00e9 Pradillo<\/h2>\n\t\t\t<div class=\"wpb_video_wrapper\"><iframe title=\"Ecce-Homo, de Pedro Jos\u00e9 Pradillo\" width=\"1100\" height=\"619\" src=\"https:\/\/www.youtube.com\/embed\/OxJW6VjE0e4?feature=oembed\" frameborder=\"0\" allow=\"accelerometer; autoplay; encrypted-media; gyroscope; picture-in-picture\" allowfullscreen><\/iframe><\/div>\n\t\t<\/div>\n\t<\/div>\n<\/div><\/div><\/div>\n","protected":false},"excerpt":{"rendered":"Ecce-Homo A\u00fan embarcado en el proyecto Besos y Caprichos, en febrero de 2016 Pradillo presenta en \u201cDe Nietzsche a Picasso: una mirada Nana\u00edsta\u201d \u2013exposici\u00f3n organizada por la Galer\u00eda Modus Operandi de Madrid\u2013 varias obras inspiradas en la literatura del fil\u00f3sofo alem\u00e1n y en su pensamiento. Del poderoso atractivo de los enunciados de F. Nietzsche surgir\u00e1n [...]","protected":false},"author":1,"featured_media":0,"parent":0,"menu_order":0,"comment_status":"closed","ping_status":"closed","template":"portfolio.php","meta":[],"_links":{"self":[{"href":"http:\/\/www.pedrojosepradillo.com\/en\/wp-json\/wp\/v2\/pages\/3905"}],"collection":[{"href":"http:\/\/www.pedrojosepradillo.com\/en\/wp-json\/wp\/v2\/pages"}],"about":[{"href":"http:\/\/www.pedrojosepradillo.com\/en\/wp-json\/wp\/v2\/types\/page"}],"author":[{"embeddable":true,"href":"http:\/\/www.pedrojosepradillo.com\/en\/wp-json\/wp\/v2\/users\/1"}],"replies":[{"embeddable":true,"href":"http:\/\/www.pedrojosepradillo.com\/en\/wp-json\/wp\/v2\/comments?post=3905"}],"version-history":[{"count":1,"href":"http:\/\/www.pedrojosepradillo.com\/en\/wp-json\/wp\/v2\/pages\/3905\/revisions"}],"predecessor-version":[{"id":3906,"href":"http:\/\/www.pedrojosepradillo.com\/en\/wp-json\/wp\/v2\/pages\/3905\/revisions\/3906"}],"wp:attachment":[{"href":"http:\/\/www.pedrojosepradillo.com\/en\/wp-json\/wp\/v2\/media?parent=3905"}],"curies":[{"name":"wp","href":"https:\/\/api.w.org\/{rel}","templated":true}]}}